{"id":5545,"date":"2024-02-12T05:30:13","date_gmt":"2024-02-12T05:30:13","guid":{"rendered":"https:\/\/campingdewedze.nl\/links\/"},"modified":"2024-04-22T09:22:00","modified_gmt":"2024-04-22T09:22:00","slug":"links","status":"publish","type":"page","link":"https:\/\/campingdewedze.nl\/de\/links\/","title":{"rendered":"Links"},"content":{"rendered":"\t\t<div data-elementor-type=\"wp-page\" data-elementor-id=\"5545\" class=\"elementor elementor-5545 elementor-5009\" data-elementor-post-type=\"page\">\n\t\t\t\t\t\t<section class=\"elementor-section elementor-top-section elementor-element elementor-element-db2d50f elementor-section-boxed elementor-section-height-default elementor-section-height-default\" data-id=\"db2d50f\" data-element_type=\"section\" data-e-type=\"section\">\n\t\t\t\t\t\t<div class=\"elementor-container elementor-column-gap-default\">\n\t\t\t\t\t<div class=\"elementor-column elementor-col-100 elementor-top-column elementor-element elementor-element-582a72e\" data-id=\"582a72e\" data-element_type=\"column\" data-e-type=\"column\">\n\t\t\t<div class=\"elementor-widget-wrap elementor-element-populated\">\n\t\t\t\t\t\t<div class=\"elementor-element elementor-element-8b014e1 elementor-invisible elementor-widget elementor-widget-vedhak_elementor_heading\" data-id=\"8b014e1\" data-element_type=\"widget\" data-e-type=\"widget\" data-settings=\"{&quot;_animation&quot;:&quot;ova-move-right&quot;,&quot;_animation_tablet&quot;:&quot;none&quot;}\" data-widget_type=\"vedhak_elementor_heading.default\">\n\t\t\t\t<div class=\"elementor-widget-container\">\n\t\t\t\t\t\n\t\t\t<div class=\"ova-heading template1\">\n\n\t\t\t\t\n\t\t\t\t\t<h2 class=\"sub-title\">\n\n\t\t\t\t\t\t\n\t\t\t\t\t\t\n\t\t\t\t\t\tInformationen\n\t\t\t\t\t<\/h2>\n\n\t\t\t\t\n\t\t\t\t\n\t\t\t\t\t\n\t\t\t\t\t\t<h3 class=\"title\"><span class=\"title-bold\">N\u00fctzliche Links<\/span><span class=\"title-normal\"><\/span><\/h3>\n\n\t\t\t\t\t\n\n\t\t\t\t\t\t\t\t\t\n\t\t\t\t\n\t\t\t\t\n\t\t\t\t\t\t\t\t\t\t\t<p class=\"description\">Um Ihnen weitere Informationen \u00fcber die Region zu geben, haben wir hier einige Links f\u00fcr Sie zusammengestellt.<\/p>\n\t\t\t\t\t\n\t\t\t\t\n\t\t\t<\/div>\n\n\t\t\t\t\t\t<\/div>\n\t\t\t\t<\/div>\n\t\t\t\t<div class=\"elementor-element elementor-element-50ffa4a elementor-widget elementor-widget-text-editor\" data-id=\"50ffa4a\" data-element_type=\"widget\" data-e-type=\"widget\" data-widget_type=\"text-editor.default\">\n\t\t\t\t<div class=\"elementor-widget-container\">\n\t\t\t\t\t\t\t\t\t<div class=\"col medium-6 small-12 large-6\">\n<div class=\"col-inner\">\n<p>\n                <a href=\"https:\/\/www.facebook.com\/campingdewedze\/\" target=\"_blank\" rel=\"noopener noreferrer\">Camping De Wedze Facebook-Seite<\/a>\n              <\/p>\n<p>\n                <a title=\"Twitter\" href=\"http:\/\/www.twitter.com\/campingwedze\" target=\"_blank\" rel=\"noopener noreferrer\">Twitter von Camping de Wedze<\/a>\n              <\/p>\n<p>\n                <a href=\"http:\/\/www.historischepaden.nl\/\" target=\"_blank\" rel=\"noopener noreferrer\">Wandern auf historischen Pfaden in der N\u00e4he des Campingplatzes<\/a>\n              <\/p>\n<p>\n                <a title=\"Weinberg\" href=\"http:\/\/www.frysling.nl\/\" target=\"_blank\" rel=\"noopener noreferrer\">Weingut De Frysling<\/a>\n              <\/p>\n<p>\n                <a title=\"Freilichtmuseum\" href=\"http:\/\/despitkeet.nl\/\" target=\"_blank\" rel=\"noopener noreferrer\">Das Spitkeet<\/a>\n              <\/p>\n<p>\n                <a title=\"historischer Kr\u00e4utergarten\" href=\"http:\/\/dekruidhof.nl\/\" target=\"_blank\" rel=\"noopener noreferrer\">Botanischer Garten de Kruidhof<\/a>\n              <\/p>\n<p>\n                <a href=\"http:\/\/www.kleiwerkplaats.nl\/\" target=\"_blank\" rel=\"noopener noreferrer\">Lehmwerkstatt Jettie Holwerda<\/a>\n              <\/p>\n<p>\n                <a href=\"http:\/\/www.deforelpoel.nl\/\" target=\"_blank\" rel=\"noopener noreferrer\">Angeln auf Forelle<\/a>\n              <\/p>\n<\/p><\/div>\n<\/p><\/div>\n<div class=\"col medium-6 small-12 large-6\">\n<div class=\"col-inner\">\n<p>\n                <a href=\"http:\/\/swaddekuier.nl\/\" target=\"_blank\" rel=\"noopener noreferrer\">Swaddekuier, j\u00e4hrliche Wanderung durch die Nationale Landschaft der Friesischen W\u00e4lder<\/a>\n              <\/p>\n<p>\n                <a href=\"http:\/\/www.fietseropuit.nl\/print-route\/?route_id=09d02dd3f0acfefaa7d4aabd59e9e23f18aa6a9d&amp;no_print=1\" target=\"_blank\" rel=\"noopener noreferrer\">Radweg vom Campingplatz aus \u00fcber 28 km, der f\u00fcr Sie angelegt wurde<\/a>\n              <\/p>\n<p>\n                <a href=\"http:\/\/reisgenie.nl\/liefde-voor-lauwersmeer\/\" target=\"_blank\" rel=\"noopener noreferrer\">Blog von Reisgenie: Liebe zum Lauwersmeer<\/a>\n              <\/p>\n<p>\n                <a href=\"http:\/\/issuu.com\/hoogcontrast\/docs\/v3_frysla__n_brochure_a4_woudenmere\/1\" target=\"_blank\" rel=\"noopener noreferrer\">Magazin mit vielen Informationen und Tipps rund um den Friesenwald<\/a>\n              <\/p>\n<p>\n                <a href=\"http:\/\/issuu.com\/hoogcontrast\/docs\/v07_frysl__n_brochure_a4_definitief\/1\" target=\"_blank\" rel=\"noopener noreferrer\">Magazin mit vielen Tipps und Informationen \u00fcber das Wattenmeer<\/a>\n              <\/p>\n<p>\n                <a href=\"https:\/\/www.eropuitinfriesland.nl\/\">Alles \u00fcber Nordostfriesland f\u00fcr Touristen<\/a>\n              <\/p>\n<\/p><\/div>\n<\/p><\/div>\n\t\t\t\t\t\t\t\t<\/div>\n\t\t\t\t<\/div>\n\t\t\t\t\t<\/div>\n\t\t<\/div>\n\t\t\t\t\t<\/div>\n\t\t<\/section>\n\t\t\t\t<\/div>\n\t\t","protected":false},"excerpt":{"rendered":"<p>Informationen N\u00fctzliche Links Um Ihnen weitere Informationen \u00fcber die Region zu geben, haben wir hier einige Links f\u00fcr Sie zusammengestellt. Camping De Wedze Facebook-Seite Twitter von Camping de Wedze Wandern auf historischen Pfaden in der N\u00e4he des Campingplatzes Weingut De Frysling Das Spitkeet Botanischer Garten de Kruidhof Lehmwerkstatt Jettie Holwerda Angeln auf Forelle Swaddekuier, j\u00e4hrliche [&hellip;]<\/p>\n","protected":false},"author":1,"featured_media":5518,"parent":0,"menu_order":0,"comment_status":"closed","ping_status":"closed","template":"elementor_header_footer","meta":{"footnotes":""},"class_list":["post-5545","page","type-page","status-publish","has-post-thumbnail","hentry"],"yoast_head":"<!-- This site is optimized with the Yoast SEO plugin v27.1.1 - https:\/\/yoast.com\/product\/yoast-seo-wordpress\/ -->\n<title>Links - Camping De Wedze<\/title>\n<meta name=\"robots\" content=\"index, follow, max-snippet:-1, max-image-preview:large, max-video-preview:-1\" \/>\n<link rel=\"canonical\" href=\"https:\/\/campingdewedze.nl\/de\/links\/\" \/>\n<meta property=\"og:locale\" content=\"de_DE\" \/>\n<meta property=\"og:type\" content=\"article\" \/>\n<meta property=\"og:title\" content=\"Links - Camping De Wedze\" \/>\n<meta property=\"og:description\" content=\"Informationen N\u00fctzliche Links Um Ihnen weitere Informationen \u00fcber die Region zu geben, haben wir hier einige Links f\u00fcr Sie zusammengestellt. Camping De Wedze Facebook-Seite Twitter von Camping de Wedze Wandern auf historischen Pfaden in der N\u00e4he des Campingplatzes Weingut De Frysling Das Spitkeet Botanischer Garten de Kruidhof Lehmwerkstatt Jettie Holwerda Angeln auf Forelle Swaddekuier, j\u00e4hrliche [&hellip;]\" \/>\n<meta property=\"og:url\" content=\"https:\/\/campingdewedze.nl\/de\/links\/\" \/>\n<meta property=\"og:site_name\" content=\"Camping De Wedze\" \/>\n<meta property=\"article:publisher\" content=\"https:\/\/www.facebook.com\/campingdewedze\" \/>\n<meta property=\"article:modified_time\" content=\"2024-04-22T09:22:00+00:00\" \/>\n<meta property=\"og:image\" content=\"https:\/\/campingdewedze.nl\/wp-content\/uploads\/2024\/02\/Links.webp\" \/>\n\t<meta property=\"og:image:width\" content=\"2000\" \/>\n\t<meta property=\"og:image:height\" content=\"804\" \/>\n\t<meta property=\"og:image:type\" content=\"image\/webp\" \/>\n<meta name=\"twitter:card\" content=\"summary_large_image\" \/>\n<meta name=\"twitter:label1\" content=\"Gesch\u00e4tzte Lesezeit\" \/>\n\t<meta name=\"twitter:data1\" content=\"1\u00a0Minute\" \/>\n<script type=\"application\/ld+json\" class=\"yoast-schema-graph\">{\"@context\":\"https:\/\/schema.org\",\"@graph\":[{\"@type\":\"WebPage\",\"@id\":\"https:\/\/campingdewedze.nl\/de\/links\/\",\"url\":\"https:\/\/campingdewedze.nl\/de\/links\/\",\"name\":\"Links - Camping De Wedze\",\"isPartOf\":{\"@id\":\"https:\/\/campingdewedze.nl\/de\/#website\"},\"primaryImageOfPage\":{\"@id\":\"https:\/\/campingdewedze.nl\/de\/links\/#primaryimage\"},\"image\":{\"@id\":\"https:\/\/campingdewedze.nl\/de\/links\/#primaryimage\"},\"thumbnailUrl\":\"https:\/\/campingdewedze.nl\/wp-content\/uploads\/2024\/02\/Links.webp\",\"datePublished\":\"2024-02-12T05:30:13+00:00\",\"dateModified\":\"2024-04-22T09:22:00+00:00\",\"breadcrumb\":{\"@id\":\"https:\/\/campingdewedze.nl\/de\/links\/#breadcrumb\"},\"inLanguage\":\"de\",\"potentialAction\":[{\"@type\":\"ReadAction\",\"target\":[\"https:\/\/campingdewedze.nl\/de\/links\/\"]}]},{\"@type\":\"ImageObject\",\"inLanguage\":\"de\",\"@id\":\"https:\/\/campingdewedze.nl\/de\/links\/#primaryimage\",\"url\":\"https:\/\/campingdewedze.nl\/wp-content\/uploads\/2024\/02\/Links.webp\",\"contentUrl\":\"https:\/\/campingdewedze.nl\/wp-content\/uploads\/2024\/02\/Links.webp\",\"width\":2000,\"height\":804},{\"@type\":\"BreadcrumbList\",\"@id\":\"https:\/\/campingdewedze.nl\/de\/links\/#breadcrumb\",\"itemListElement\":[{\"@type\":\"ListItem\",\"position\":1,\"name\":\"Home\",\"item\":\"https:\/\/campingdewedze.nl\/de\/startseite\/\"},{\"@type\":\"ListItem\",\"position\":2,\"name\":\"Links\"}]},{\"@type\":\"WebSite\",\"@id\":\"https:\/\/campingdewedze.nl\/de\/#website\",\"url\":\"https:\/\/campingdewedze.nl\/de\/\",\"name\":\"Camping De Wedze\",\"description\":\"In een uniek stukje Friesland\",\"publisher\":{\"@id\":\"https:\/\/campingdewedze.nl\/de\/#organization\"},\"potentialAction\":[{\"@type\":\"SearchAction\",\"target\":{\"@type\":\"EntryPoint\",\"urlTemplate\":\"https:\/\/campingdewedze.nl\/de\/?s={search_term_string}\"},\"query-input\":{\"@type\":\"PropertyValueSpecification\",\"valueRequired\":true,\"valueName\":\"search_term_string\"}}],\"inLanguage\":\"de\"},{\"@type\":\"Organization\",\"@id\":\"https:\/\/campingdewedze.nl\/de\/#organization\",\"name\":\"Camping De Wedze\",\"url\":\"https:\/\/campingdewedze.nl\/de\/\",\"logo\":{\"@type\":\"ImageObject\",\"inLanguage\":\"de\",\"@id\":\"https:\/\/campingdewedze.nl\/de\/#\/schema\/logo\/image\/\",\"url\":\"https:\/\/campingdewedze.nl\/wp-content\/uploads\/2023\/03\/Logo-Camping-de-Wedze.webp\",\"contentUrl\":\"https:\/\/campingdewedze.nl\/wp-content\/uploads\/2023\/03\/Logo-Camping-de-Wedze.webp\",\"width\":400,\"height\":298,\"caption\":\"Camping De Wedze\"},\"image\":{\"@id\":\"https:\/\/campingdewedze.nl\/de\/#\/schema\/logo\/image\/\"},\"sameAs\":[\"https:\/\/www.facebook.com\/campingdewedze\"]}]}<\/script>\n<!-- \/ Yoast SEO plugin. -->","yoast_head_json":{"title":"Links - Camping De Wedze","robots":{"index":"index","follow":"follow","max-snippet":"max-snippet:-1","max-image-preview":"max-image-preview:large","max-video-preview":"max-video-preview:-1"},"canonical":"https:\/\/campingdewedze.nl\/de\/links\/","og_locale":"de_DE","og_type":"article","og_title":"Links - Camping De Wedze","og_description":"Informationen N\u00fctzliche Links Um Ihnen weitere Informationen \u00fcber die Region zu geben, haben wir hier einige Links f\u00fcr Sie zusammengestellt. Camping De Wedze Facebook-Seite Twitter von Camping de Wedze Wandern auf historischen Pfaden in der N\u00e4he des Campingplatzes Weingut De Frysling Das Spitkeet Botanischer Garten de Kruidhof Lehmwerkstatt Jettie Holwerda Angeln auf Forelle Swaddekuier, j\u00e4hrliche [&hellip;]","og_url":"https:\/\/campingdewedze.nl\/de\/links\/","og_site_name":"Camping De Wedze","article_publisher":"https:\/\/www.facebook.com\/campingdewedze","article_modified_time":"2024-04-22T09:22:00+00:00","og_image":[{"width":2000,"height":804,"url":"https:\/\/campingdewedze.nl\/wp-content\/uploads\/2024\/02\/Links.webp","type":"image\/webp"}],"twitter_card":"summary_large_image","twitter_misc":{"Gesch\u00e4tzte Lesezeit":"1\u00a0Minute"},"schema":{"@context":"https:\/\/schema.org","@graph":[{"@type":"WebPage","@id":"https:\/\/campingdewedze.nl\/de\/links\/","url":"https:\/\/campingdewedze.nl\/de\/links\/","name":"Links - Camping De Wedze","isPartOf":{"@id":"https:\/\/campingdewedze.nl\/de\/#website"},"primaryImageOfPage":{"@id":"https:\/\/campingdewedze.nl\/de\/links\/#primaryimage"},"image":{"@id":"https:\/\/campingdewedze.nl\/de\/links\/#primaryimage"},"thumbnailUrl":"https:\/\/campingdewedze.nl\/wp-content\/uploads\/2024\/02\/Links.webp","datePublished":"2024-02-12T05:30:13+00:00","dateModified":"2024-04-22T09:22:00+00:00","breadcrumb":{"@id":"https:\/\/campingdewedze.nl\/de\/links\/#breadcrumb"},"inLanguage":"de","potentialAction":[{"@type":"ReadAction","target":["https:\/\/campingdewedze.nl\/de\/links\/"]}]},{"@type":"ImageObject","inLanguage":"de","@id":"https:\/\/campingdewedze.nl\/de\/links\/#primaryimage","url":"https:\/\/campingdewedze.nl\/wp-content\/uploads\/2024\/02\/Links.webp","contentUrl":"https:\/\/campingdewedze.nl\/wp-content\/uploads\/2024\/02\/Links.webp","width":2000,"height":804},{"@type":"BreadcrumbList","@id":"https:\/\/campingdewedze.nl\/de\/links\/#breadcrumb","itemListElement":[{"@type":"ListItem","position":1,"name":"Home","item":"https:\/\/campingdewedze.nl\/de\/startseite\/"},{"@type":"ListItem","position":2,"name":"Links"}]},{"@type":"WebSite","@id":"https:\/\/campingdewedze.nl\/de\/#website","url":"https:\/\/campingdewedze.nl\/de\/","name":"Camping De Wedze","description":"In een uniek stukje Friesland","publisher":{"@id":"https:\/\/campingdewedze.nl\/de\/#organization"},"potentialAction":[{"@type":"SearchAction","target":{"@type":"EntryPoint","urlTemplate":"https:\/\/campingdewedze.nl\/de\/?s={search_term_string}"},"query-input":{"@type":"PropertyValueSpecification","valueRequired":true,"valueName":"search_term_string"}}],"inLanguage":"de"},{"@type":"Organization","@id":"https:\/\/campingdewedze.nl\/de\/#organization","name":"Camping De Wedze","url":"https:\/\/campingdewedze.nl\/de\/","logo":{"@type":"ImageObject","inLanguage":"de","@id":"https:\/\/campingdewedze.nl\/de\/#\/schema\/logo\/image\/","url":"https:\/\/campingdewedze.nl\/wp-content\/uploads\/2023\/03\/Logo-Camping-de-Wedze.webp","contentUrl":"https:\/\/campingdewedze.nl\/wp-content\/uploads\/2023\/03\/Logo-Camping-de-Wedze.webp","width":400,"height":298,"caption":"Camping De Wedze"},"image":{"@id":"https:\/\/campingdewedze.nl\/de\/#\/schema\/logo\/image\/"},"sameAs":["https:\/\/www.facebook.com\/campingdewedze"]}]}},"_links":{"self":[{"href":"https:\/\/campingdewedze.nl\/de\/wp-json\/wp\/v2\/pages\/5545","targetHints":{"allow":["GET"]}}],"collection":[{"href":"https:\/\/campingdewedze.nl\/de\/wp-json\/wp\/v2\/pages"}],"about":[{"href":"https:\/\/campingdewedze.nl\/de\/wp-json\/wp\/v2\/types\/page"}],"author":[{"embeddable":true,"href":"https:\/\/campingdewedze.nl\/de\/wp-json\/wp\/v2\/users\/1"}],"replies":[{"embeddable":true,"href":"https:\/\/campingdewedze.nl\/de\/wp-json\/wp\/v2\/comments?post=5545"}],"version-history":[{"count":0,"href":"https:\/\/campingdewedze.nl\/de\/wp-json\/wp\/v2\/pages\/5545\/revisions"}],"wp:featuredmedia":[{"embeddable":true,"href":"https:\/\/campingdewedze.nl\/de\/wp-json\/wp\/v2\/media\/5518"}],"wp:attachment":[{"href":"https:\/\/campingdewedze.nl\/de\/wp-json\/wp\/v2\/media?parent=5545"}],"curies":[{"name":"wp","href":"https:\/\/api.w.org\/{rel}","templated":true}]}}