{"id":5541,"date":"2024-01-31T12:23:36","date_gmt":"2024-01-31T12:23:36","guid":{"rendered":"https:\/\/campingdewedze.nl\/bleibt\/"},"modified":"2024-04-22T09:21:15","modified_gmt":"2024-04-22T09:21:15","slug":"bleibt","status":"publish","type":"page","link":"https:\/\/campingdewedze.nl\/de\/bleibt\/","title":{"rendered":"Camping"},"content":{"rendered":"\t\t<div data-elementor-type=\"wp-page\" data-elementor-id=\"5541\" class=\"elementor elementor-5541 elementor-4451\" data-elementor-post-type=\"page\">\n\t\t\t\t\t\t<section class=\"elementor-section elementor-top-section elementor-element elementor-element-64cdbf0 elementor-section-boxed elementor-section-height-default elementor-section-height-default\" data-id=\"64cdbf0\" data-element_type=\"section\" data-e-type=\"section\">\n\t\t\t\t\t\t<div class=\"elementor-container elementor-column-gap-default\">\n\t\t\t\t\t<div class=\"elementor-column elementor-col-100 elementor-top-column elementor-element elementor-element-5a247e3\" data-id=\"5a247e3\" data-element_type=\"column\" data-e-type=\"column\">\n\t\t\t<div class=\"elementor-widget-wrap elementor-element-populated\">\n\t\t\t\t\t\t<div class=\"elementor-element elementor-element-62b9923 elementor-invisible elementor-widget elementor-widget-vedhak_elementor_heading\" data-id=\"62b9923\" data-element_type=\"widget\" data-e-type=\"widget\" data-settings=\"{&quot;_animation&quot;:&quot;ova-move-right&quot;,&quot;_animation_tablet&quot;:&quot;none&quot;}\" data-widget_type=\"vedhak_elementor_heading.default\">\n\t\t\t\t<div class=\"elementor-widget-container\">\n\t\t\t\t\t\n\t\t\t<div class=\"ova-heading template1\">\n\n\t\t\t\t\n\t\t\t\t\t<h2 class=\"sub-title\">\n\n\t\t\t\t\t\t\n\t\t\t\t\t\t\n\t\t\t\t\t\tUnterk\u00fcnfte\n\t\t\t\t\t<\/h2>\n\n\t\t\t\t\n\t\t\t\t\n\t\t\t\t\t\n\t\t\t\t\t\t<h3 class=\"title\"><span class=\"title-bold\">Entdecken Sie unsere Aufenthalte<\/span><span class=\"title-normal\"><\/span><\/h3>\n\n\t\t\t\t\t\n\n\t\t\t\t\t\t\t\t\t\n\t\t\t\t\n\t\t\t\t\n\t\t\t\t\t\n\t\t\t\t\n\t\t\t<\/div>\n\n\t\t\t\t\t\t<\/div>\n\t\t\t\t<\/div>\n\t\t<div class=\"elementor-element elementor-element-2802dbe e-con-full e-flex e-con e-parent\" data-id=\"2802dbe\" data-element_type=\"container\" data-e-type=\"container\">\n\t\t<div class=\"elementor-element elementor-element-cac932c e-flex e-con-boxed e-con e-child\" data-id=\"cac932c\" data-element_type=\"container\" data-e-type=\"container\">\n\t\t\t\t\t<div class=\"e-con-inner\">\n\t\t\t\t<div class=\"elementor-element elementor-element-c1d0964 elementor-widget elementor-widget-image\" data-id=\"c1d0964\" data-element_type=\"widget\" data-e-type=\"widget\" data-widget_type=\"image.default\">\n\t\t\t\t<div class=\"elementor-widget-container\">\n\t\t\t\t\t\t\t\t\t\t\t\t\t\t\t\t<a href=\"https:\/\/campingdewedze.nl\/de\/safari-zelte\/\">\n\t\t\t\t\t\t\t<img fetchpriority=\"high\" decoding=\"async\" width=\"700\" height=\"393\" src=\"https:\/\/campingdewedze.nl\/wp-content\/uploads\/2024\/02\/Safari.kleiner-1024x462-2.webp\" class=\"elementor-animation-float attachment-large size-large wp-image-5516\" alt=\"\" srcset=\"https:\/\/campingdewedze.nl\/wp-content\/uploads\/2024\/02\/Safari.kleiner-1024x462-2.webp 700w, https:\/\/campingdewedze.nl\/wp-content\/uploads\/2024\/02\/Safari.kleiner-1024x462-2-300x168.webp 300w\" sizes=\"(max-width: 700px) 100vw, 700px\" \/>\t\t\t\t\t\t\t\t<\/a>\n\t\t\t\t\t\t\t\t\t\t\t\t\t\t\t<\/div>\n\t\t\t\t<\/div>\n\t\t<div class=\"elementor-element elementor-element-23ad425 e-flex e-con-boxed e-con e-child\" data-id=\"23ad425\" data-element_type=\"container\" data-e-type=\"container\">\n\t\t\t\t\t<div class=\"e-con-inner\">\n\t\t<div class=\"elementor-element elementor-element-d0ad686 e-con-full e-flex e-con e-child\" data-id=\"d0ad686\" data-element_type=\"container\" data-e-type=\"container\">\n\t\t\t\t<div class=\"elementor-element elementor-element-bdfb709 elementor-widget-divider--view-line elementor-widget elementor-widget-divider\" data-id=\"bdfb709\" data-element_type=\"widget\" data-e-type=\"widget\" data-widget_type=\"divider.default\">\n\t\t\t\t<div class=\"elementor-widget-container\">\n\t\t\t\t\t\t\t<div class=\"elementor-divider\">\n\t\t\t<span class=\"elementor-divider-separator\">\n\t\t\t\t\t\t<\/span>\n\t\t<\/div>\n\t\t\t\t\t\t<\/div>\n\t\t\t\t<\/div>\n\t\t\t\t<\/div>\n\t\t<div class=\"elementor-element elementor-element-f1ac313 e-con-full e-flex e-con e-child\" data-id=\"f1ac313\" data-element_type=\"container\" data-e-type=\"container\">\n\t\t\t\t<div class=\"elementor-element elementor-element-d10bb13 elementor-widget elementor-widget-heading\" data-id=\"d10bb13\" data-element_type=\"widget\" data-e-type=\"widget\" data-widget_type=\"heading.default\">\n\t\t\t\t<div class=\"elementor-widget-container\">\n\t\t\t\t\t<h2 class=\"elementor-heading-title elementor-size-default\"><a href=\"https:\/\/campingdewedze.nl\/de\/safari-zelte\/\">Safari-Zelte<\/a><\/h2>\t\t\t\t<\/div>\n\t\t\t\t<\/div>\n\t\t\t\t<\/div>\n\t\t\t\t\t<\/div>\n\t\t\t\t<\/div>\n\t\t\t\t<div class=\"elementor-element elementor-element-7fd2b6b elementor-widget elementor-widget-text-editor\" data-id=\"7fd2b6b\" data-element_type=\"widget\" data-e-type=\"widget\" data-widget_type=\"text-editor.default\">\n\t\t\t\t<div class=\"elementor-widget-container\">\n\t\t\t\t\t\t\t\t\t<p>Ein Safari-Zelt mit dem Luxus eines Bungalows.<\/p>\n\t\t\t\t\t\t\t\t<\/div>\n\t\t\t\t<\/div>\n\t\t\t\t\t<\/div>\n\t\t\t\t<\/div>\n\t\t<div class=\"elementor-element elementor-element-76f18bb e-flex e-con-boxed e-con e-child\" data-id=\"76f18bb\" data-element_type=\"container\" data-e-type=\"container\">\n\t\t\t\t\t<div class=\"e-con-inner\">\n\t\t\t\t<div class=\"elementor-element elementor-element-eeb955c elementor-widget elementor-widget-image\" data-id=\"eeb955c\" data-element_type=\"widget\" data-e-type=\"widget\" data-widget_type=\"image.default\">\n\t\t\t\t<div class=\"elementor-widget-container\">\n\t\t\t\t\t\t\t\t\t\t\t\t\t\t\t\t<a href=\"https:\/\/campingdewedze.nl\/de\/glockenzelte\/\">\n\t\t\t\t\t\t\t<img decoding=\"async\" width=\"700\" height=\"393\" src=\"https:\/\/campingdewedze.nl\/wp-content\/uploads\/2023\/05\/Bell-tenten.webp\" class=\"elementor-animation-float attachment-large size-large wp-image-5417\" alt=\"\" srcset=\"https:\/\/campingdewedze.nl\/wp-content\/uploads\/2023\/05\/Bell-tenten.webp 700w, https:\/\/campingdewedze.nl\/wp-content\/uploads\/2023\/05\/Bell-tenten-300x168.webp 300w, https:\/\/campingdewedze.nl\/wp-content\/uploads\/2023\/05\/Bell-tenten-600x337.webp 600w\" sizes=\"(max-width: 700px) 100vw, 700px\" \/>\t\t\t\t\t\t\t\t<\/a>\n\t\t\t\t\t\t\t\t\t\t\t\t\t\t\t<\/div>\n\t\t\t\t<\/div>\n\t\t<div class=\"elementor-element elementor-element-61c317f e-flex e-con-boxed e-con e-child\" data-id=\"61c317f\" data-element_type=\"container\" data-e-type=\"container\">\n\t\t\t\t\t<div class=\"e-con-inner\">\n\t\t<div class=\"elementor-element elementor-element-f9c5a8e e-con-full e-flex e-con e-child\" data-id=\"f9c5a8e\" data-element_type=\"container\" data-e-type=\"container\">\n\t\t\t\t<div class=\"elementor-element elementor-element-98a9e60 elementor-widget-divider--view-line elementor-widget elementor-widget-divider\" data-id=\"98a9e60\" data-element_type=\"widget\" data-e-type=\"widget\" data-widget_type=\"divider.default\">\n\t\t\t\t<div class=\"elementor-widget-container\">\n\t\t\t\t\t\t\t<div class=\"elementor-divider\">\n\t\t\t<span class=\"elementor-divider-separator\">\n\t\t\t\t\t\t<\/span>\n\t\t<\/div>\n\t\t\t\t\t\t<\/div>\n\t\t\t\t<\/div>\n\t\t\t\t<\/div>\n\t\t<div class=\"elementor-element elementor-element-92ed65e e-con-full e-flex e-con e-child\" data-id=\"92ed65e\" data-element_type=\"container\" data-e-type=\"container\">\n\t\t\t\t<div class=\"elementor-element elementor-element-6c645cc elementor-widget elementor-widget-heading\" data-id=\"6c645cc\" data-element_type=\"widget\" data-e-type=\"widget\" data-widget_type=\"heading.default\">\n\t\t\t\t<div class=\"elementor-widget-container\">\n\t\t\t\t\t<h2 class=\"elementor-heading-title elementor-size-default\"><a href=\"https:\/\/campingdewedze.nl\/de\/glockenzelte\/\">Glockenzelte<\/a><\/h2>\t\t\t\t<\/div>\n\t\t\t\t<\/div>\n\t\t\t\t<\/div>\n\t\t\t\t\t<\/div>\n\t\t\t\t<\/div>\n\t\t\t\t<div class=\"elementor-element elementor-element-4ced916 elementor-widget elementor-widget-text-editor\" data-id=\"4ced916\" data-element_type=\"widget\" data-e-type=\"widget\" data-widget_type=\"text-editor.default\">\n\t\t\t\t<div class=\"elementor-widget-container\">\n\t\t\t\t\t\t\t\t\t<p>Glamour-Zelt ohne Strom!<\/p>\n\t\t\t\t\t\t\t\t<\/div>\n\t\t\t\t<\/div>\n\t\t\t\t\t<\/div>\n\t\t\t\t<\/div>\n\t\t<div class=\"elementor-element elementor-element-bcb15d3 e-flex e-con-boxed e-con e-child\" data-id=\"bcb15d3\" data-element_type=\"container\" data-e-type=\"container\">\n\t\t\t\t\t<div class=\"e-con-inner\">\n\t\t\t\t<div class=\"elementor-element elementor-element-5f685f5 elementor-widget elementor-widget-image\" data-id=\"5f685f5\" data-element_type=\"widget\" data-e-type=\"widget\" data-widget_type=\"image.default\">\n\t\t\t\t<div class=\"elementor-widget-container\">\n\t\t\t\t\t\t\t\t\t\t\t\t\t\t\t\t<a href=\"https:\/\/campingdewedze.nl\/kip-caravans\/\">\n\t\t\t\t\t\t\t<img decoding=\"async\" width=\"700\" height=\"393\" src=\"https:\/\/campingdewedze.nl\/wp-content\/uploads\/2024\/02\/Kip-Caravans-1-1.webp\" class=\"elementor-animation-float attachment-large size-large wp-image-5523\" alt=\"\" srcset=\"https:\/\/campingdewedze.nl\/wp-content\/uploads\/2024\/02\/Kip-Caravans-1-1.webp 700w, https:\/\/campingdewedze.nl\/wp-content\/uploads\/2024\/02\/Kip-Caravans-1-1-300x168.webp 300w\" sizes=\"(max-width: 700px) 100vw, 700px\" \/>\t\t\t\t\t\t\t\t<\/a>\n\t\t\t\t\t\t\t\t\t\t\t\t\t\t\t<\/div>\n\t\t\t\t<\/div>\n\t\t<div class=\"elementor-element elementor-element-95a674e e-flex e-con-boxed e-con e-child\" data-id=\"95a674e\" data-element_type=\"container\" data-e-type=\"container\">\n\t\t\t\t\t<div class=\"e-con-inner\">\n\t\t<div class=\"elementor-element elementor-element-de5b902 e-con-full e-flex e-con e-child\" data-id=\"de5b902\" data-element_type=\"container\" data-e-type=\"container\">\n\t\t\t\t<div class=\"elementor-element elementor-element-8f7f698 elementor-widget-divider--view-line elementor-widget elementor-widget-divider\" data-id=\"8f7f698\" data-element_type=\"widget\" data-e-type=\"widget\" data-widget_type=\"divider.default\">\n\t\t\t\t<div class=\"elementor-widget-container\">\n\t\t\t\t\t\t\t<div class=\"elementor-divider\">\n\t\t\t<span class=\"elementor-divider-separator\">\n\t\t\t\t\t\t<\/span>\n\t\t<\/div>\n\t\t\t\t\t\t<\/div>\n\t\t\t\t<\/div>\n\t\t\t\t<\/div>\n\t\t<div class=\"elementor-element elementor-element-5c658e1 e-con-full e-flex e-con e-child\" data-id=\"5c658e1\" data-element_type=\"container\" data-e-type=\"container\">\n\t\t\t\t<div class=\"elementor-element elementor-element-ca318a3 elementor-widget elementor-widget-heading\" data-id=\"ca318a3\" data-element_type=\"widget\" data-e-type=\"widget\" data-widget_type=\"heading.default\">\n\t\t\t\t<div class=\"elementor-widget-container\">\n\t\t\t\t\t<h2 class=\"elementor-heading-title elementor-size-default\"><a href=\"https:\/\/campingdewedze.nl\/kip-caravans\/\">Kip-Wohnwagen<\/a><\/h2>\t\t\t\t<\/div>\n\t\t\t\t<\/div>\n\t\t\t\t<\/div>\n\t\t\t\t\t<\/div>\n\t\t\t\t<\/div>\n\t\t\t\t<div class=\"elementor-element elementor-element-3aed695 elementor-widget elementor-widget-text-editor\" data-id=\"3aed695\" data-element_type=\"widget\" data-e-type=\"widget\" data-widget_type=\"text-editor.default\">\n\t\t\t\t<div class=\"elementor-widget-container\">\n\t\t\t\t\t\t\t\t\t<p>Sie k\u00f6nnen bei uns auch einen Kip-Wohnwagen mieten.<\/p>\n\t\t\t\t\t\t\t\t<\/div>\n\t\t\t\t<\/div>\n\t\t\t\t\t<\/div>\n\t\t\t\t<\/div>\n\t\t<div class=\"elementor-element elementor-element-6addfa6 e-flex e-con-boxed e-con e-child\" data-id=\"6addfa6\" data-element_type=\"container\" data-e-type=\"container\">\n\t\t\t\t\t<div class=\"e-con-inner\">\n\t\t\t\t<div class=\"elementor-element elementor-element-11ae5c4 elementor-widget elementor-widget-image\" data-id=\"11ae5c4\" data-element_type=\"widget\" data-e-type=\"widget\" data-widget_type=\"image.default\">\n\t\t\t\t<div class=\"elementor-widget-container\">\n\t\t\t\t\t\t\t\t\t\t\t\t\t\t\t\t<a href=\"https:\/\/campingdewedze.nl\/de\/zeltplatz\/\">\n\t\t\t\t\t\t\t<img loading=\"lazy\" decoding=\"async\" width=\"700\" height=\"393\" src=\"https:\/\/campingdewedze.nl\/wp-content\/uploads\/2024\/02\/Camping-De-Wedze-05_2023_Low-Res_0012-2.webp\" class=\"elementor-animation-float attachment-large size-large wp-image-5522\" alt=\"\" srcset=\"https:\/\/campingdewedze.nl\/wp-content\/uploads\/2024\/02\/Camping-De-Wedze-05_2023_Low-Res_0012-2.webp 700w, https:\/\/campingdewedze.nl\/wp-content\/uploads\/2024\/02\/Camping-De-Wedze-05_2023_Low-Res_0012-2-300x168.webp 300w\" sizes=\"(max-width: 700px) 100vw, 700px\" \/>\t\t\t\t\t\t\t\t<\/a>\n\t\t\t\t\t\t\t\t\t\t\t\t\t\t\t<\/div>\n\t\t\t\t<\/div>\n\t\t<div class=\"elementor-element elementor-element-e3704b3 e-flex e-con-boxed e-con e-child\" data-id=\"e3704b3\" data-element_type=\"container\" data-e-type=\"container\">\n\t\t\t\t\t<div class=\"e-con-inner\">\n\t\t<div class=\"elementor-element elementor-element-b931b69 e-con-full e-flex e-con e-child\" data-id=\"b931b69\" data-element_type=\"container\" data-e-type=\"container\">\n\t\t\t\t<div class=\"elementor-element elementor-element-9643d10 elementor-widget-divider--view-line elementor-widget elementor-widget-divider\" data-id=\"9643d10\" data-element_type=\"widget\" data-e-type=\"widget\" data-widget_type=\"divider.default\">\n\t\t\t\t<div class=\"elementor-widget-container\">\n\t\t\t\t\t\t\t<div class=\"elementor-divider\">\n\t\t\t<span class=\"elementor-divider-separator\">\n\t\t\t\t\t\t<\/span>\n\t\t<\/div>\n\t\t\t\t\t\t<\/div>\n\t\t\t\t<\/div>\n\t\t\t\t<\/div>\n\t\t<div class=\"elementor-element elementor-element-8a262c9 e-con-full e-flex e-con e-child\" data-id=\"8a262c9\" data-element_type=\"container\" data-e-type=\"container\">\n\t\t\t\t<div class=\"elementor-element elementor-element-fcf53bc elementor-widget elementor-widget-heading\" data-id=\"fcf53bc\" data-element_type=\"widget\" data-e-type=\"widget\" data-widget_type=\"heading.default\">\n\t\t\t\t<div class=\"elementor-widget-container\">\n\t\t\t\t\t<h2 class=\"elementor-heading-title elementor-size-default\"><a href=\"https:\/\/campingdewedze.nl\/kip-caravans\/\">Zeltplatz<\/a><\/h2>\t\t\t\t<\/div>\n\t\t\t\t<\/div>\n\t\t\t\t<\/div>\n\t\t\t\t\t<\/div>\n\t\t\t\t<\/div>\n\t\t\t\t<div class=\"elementor-element elementor-element-b2976b8 elementor-widget elementor-widget-text-editor\" data-id=\"b2976b8\" data-element_type=\"widget\" data-e-type=\"widget\" data-widget_type=\"text-editor.default\">\n\t\t\t\t<div class=\"elementor-widget-container\">\n\t\t\t\t\t\t\t\t\t<p>Bei Ihrer Ankunft k\u00f6nnen Sie Ihren eigenen Stellplatz w\u00e4hlen.<\/p>\n\t\t\t\t\t\t\t\t<\/div>\n\t\t\t\t<\/div>\n\t\t\t\t\t<\/div>\n\t\t\t\t<\/div>\n\t\t\t\t<\/div>\n\t\t\t\t<div class=\"elementor-element elementor-element-7d40adf elementor-widget elementor-widget-html\" data-id=\"7d40adf\" data-element_type=\"widget\" data-e-type=\"widget\" data-widget_type=\"html.default\">\n\t\t\t\t<div class=\"elementor-widget-container\">\n\t\t\t\t\t\n          <div id=\"TommyBookingSupport\" data-widget=\"boeken\" data-apikey=\"79f06f8fde333461739f220090a23cb2a79f6d714bee100d0e4b4af249294619\" data-account=\"campingdewedze\" data-language=\"nl\" data-country=\"nl\" data-scroll=\"false\">\n    <script src=\"https:\/\/api.tommybookingsupport.com\/widgets\/js\/widget.js\" type=\"application\/javascript\" language=\"javascript\"><\/script>\n<\/div>\n        \t\t\t\t<\/div>\n\t\t\t\t<\/div>\n\t\t\t\t\t<\/div>\n\t\t<\/div>\n\t\t\t\t\t<\/div>\n\t\t<\/section>\n\t\t\t\t<\/div>\n\t\t","protected":false},"excerpt":{"rendered":"<p>Unterk\u00fcnfte Entdecken Sie unsere Aufenthalte Safari-Zelte Ein Safari-Zelt mit dem Luxus eines Bungalows. Glockenzelte Glamour-Zelt ohne Strom! Kip-Wohnwagen Sie k\u00f6nnen bei uns auch einen Kip-Wohnwagen mieten. Zeltplatz Bei Ihrer Ankunft k\u00f6nnen Sie Ihren eigenen Stellplatz w\u00e4hlen.<\/p>\n","protected":false},"author":1,"featured_media":5478,"parent":0,"menu_order":0,"comment_status":"closed","ping_status":"closed","template":"elementor_header_footer","meta":{"footnotes":""},"class_list":["post-5541","page","type-page","status-publish","has-post-thumbnail","hentry"],"yoast_head":"<!-- This site is optimized with the Yoast SEO plugin v27.1.1 - https:\/\/yoast.com\/product\/yoast-seo-wordpress\/ -->\n<title>Camping - Camping De Wedze<\/title>\n<meta name=\"robots\" content=\"index, follow, max-snippet:-1, max-image-preview:large, max-video-preview:-1\" \/>\n<link rel=\"canonical\" href=\"https:\/\/campingdewedze.nl\/de\/bleibt\/\" \/>\n<meta property=\"og:locale\" content=\"de_DE\" \/>\n<meta property=\"og:type\" content=\"article\" \/>\n<meta property=\"og:title\" content=\"Camping - Camping De Wedze\" \/>\n<meta property=\"og:description\" content=\"Unterk\u00fcnfte Entdecken Sie unsere Aufenthalte Safari-Zelte Ein Safari-Zelt mit dem Luxus eines Bungalows. Glockenzelte Glamour-Zelt ohne Strom! Kip-Wohnwagen Sie k\u00f6nnen bei uns auch einen Kip-Wohnwagen mieten. Zeltplatz Bei Ihrer Ankunft k\u00f6nnen Sie Ihren eigenen Stellplatz w\u00e4hlen.\" \/>\n<meta property=\"og:url\" content=\"https:\/\/campingdewedze.nl\/de\/bleibt\/\" \/>\n<meta property=\"og:site_name\" content=\"Camping De Wedze\" \/>\n<meta property=\"article:publisher\" content=\"https:\/\/www.facebook.com\/campingdewedze\" \/>\n<meta property=\"article:modified_time\" content=\"2024-04-22T09:21:15+00:00\" \/>\n<meta property=\"og:image\" content=\"https:\/\/campingdewedze.nl\/wp-content\/uploads\/2024\/01\/Camping-De-Wedze-05_2023_Low-Res_0028.webp\" \/>\n\t<meta property=\"og:image:width\" content=\"2000\" \/>\n\t<meta property=\"og:image:height\" content=\"1124\" \/>\n\t<meta property=\"og:image:type\" content=\"image\/webp\" \/>\n<meta name=\"twitter:card\" content=\"summary_large_image\" \/>\n<script type=\"application\/ld+json\" class=\"yoast-schema-graph\">{\"@context\":\"https:\/\/schema.org\",\"@graph\":[{\"@type\":\"WebPage\",\"@id\":\"https:\/\/campingdewedze.nl\/de\/bleibt\/\",\"url\":\"https:\/\/campingdewedze.nl\/de\/bleibt\/\",\"name\":\"Camping - Camping De Wedze\",\"isPartOf\":{\"@id\":\"https:\/\/campingdewedze.nl\/de\/#website\"},\"primaryImageOfPage\":{\"@id\":\"https:\/\/campingdewedze.nl\/de\/bleibt\/#primaryimage\"},\"image\":{\"@id\":\"https:\/\/campingdewedze.nl\/de\/bleibt\/#primaryimage\"},\"thumbnailUrl\":\"https:\/\/campingdewedze.nl\/wp-content\/uploads\/2024\/01\/Camping-De-Wedze-05_2023_Low-Res_0028.webp\",\"datePublished\":\"2024-01-31T12:23:36+00:00\",\"dateModified\":\"2024-04-22T09:21:15+00:00\",\"breadcrumb\":{\"@id\":\"https:\/\/campingdewedze.nl\/de\/bleibt\/#breadcrumb\"},\"inLanguage\":\"de\",\"potentialAction\":[{\"@type\":\"ReadAction\",\"target\":[\"https:\/\/campingdewedze.nl\/de\/bleibt\/\"]}]},{\"@type\":\"ImageObject\",\"inLanguage\":\"de\",\"@id\":\"https:\/\/campingdewedze.nl\/de\/bleibt\/#primaryimage\",\"url\":\"https:\/\/campingdewedze.nl\/wp-content\/uploads\/2024\/01\/Camping-De-Wedze-05_2023_Low-Res_0028.webp\",\"contentUrl\":\"https:\/\/campingdewedze.nl\/wp-content\/uploads\/2024\/01\/Camping-De-Wedze-05_2023_Low-Res_0028.webp\",\"width\":2000,\"height\":1124},{\"@type\":\"BreadcrumbList\",\"@id\":\"https:\/\/campingdewedze.nl\/de\/bleibt\/#breadcrumb\",\"itemListElement\":[{\"@type\":\"ListItem\",\"position\":1,\"name\":\"Home\",\"item\":\"https:\/\/campingdewedze.nl\/de\/startseite\/\"},{\"@type\":\"ListItem\",\"position\":2,\"name\":\"Camping\"}]},{\"@type\":\"WebSite\",\"@id\":\"https:\/\/campingdewedze.nl\/de\/#website\",\"url\":\"https:\/\/campingdewedze.nl\/de\/\",\"name\":\"Camping De Wedze\",\"description\":\"In een uniek stukje Friesland\",\"publisher\":{\"@id\":\"https:\/\/campingdewedze.nl\/de\/#organization\"},\"potentialAction\":[{\"@type\":\"SearchAction\",\"target\":{\"@type\":\"EntryPoint\",\"urlTemplate\":\"https:\/\/campingdewedze.nl\/de\/?s={search_term_string}\"},\"query-input\":{\"@type\":\"PropertyValueSpecification\",\"valueRequired\":true,\"valueName\":\"search_term_string\"}}],\"inLanguage\":\"de\"},{\"@type\":\"Organization\",\"@id\":\"https:\/\/campingdewedze.nl\/de\/#organization\",\"name\":\"Camping De Wedze\",\"url\":\"https:\/\/campingdewedze.nl\/de\/\",\"logo\":{\"@type\":\"ImageObject\",\"inLanguage\":\"de\",\"@id\":\"https:\/\/campingdewedze.nl\/de\/#\/schema\/logo\/image\/\",\"url\":\"https:\/\/campingdewedze.nl\/wp-content\/uploads\/2023\/03\/Logo-Camping-de-Wedze.webp\",\"contentUrl\":\"https:\/\/campingdewedze.nl\/wp-content\/uploads\/2023\/03\/Logo-Camping-de-Wedze.webp\",\"width\":400,\"height\":298,\"caption\":\"Camping De Wedze\"},\"image\":{\"@id\":\"https:\/\/campingdewedze.nl\/de\/#\/schema\/logo\/image\/\"},\"sameAs\":[\"https:\/\/www.facebook.com\/campingdewedze\"]}]}<\/script>\n<!-- \/ Yoast SEO plugin. -->","yoast_head_json":{"title":"Camping - Camping De Wedze","robots":{"index":"index","follow":"follow","max-snippet":"max-snippet:-1","max-image-preview":"max-image-preview:large","max-video-preview":"max-video-preview:-1"},"canonical":"https:\/\/campingdewedze.nl\/de\/bleibt\/","og_locale":"de_DE","og_type":"article","og_title":"Camping - Camping De Wedze","og_description":"Unterk\u00fcnfte Entdecken Sie unsere Aufenthalte Safari-Zelte Ein Safari-Zelt mit dem Luxus eines Bungalows. Glockenzelte Glamour-Zelt ohne Strom! Kip-Wohnwagen Sie k\u00f6nnen bei uns auch einen Kip-Wohnwagen mieten. Zeltplatz Bei Ihrer Ankunft k\u00f6nnen Sie Ihren eigenen Stellplatz w\u00e4hlen.","og_url":"https:\/\/campingdewedze.nl\/de\/bleibt\/","og_site_name":"Camping De Wedze","article_publisher":"https:\/\/www.facebook.com\/campingdewedze","article_modified_time":"2024-04-22T09:21:15+00:00","og_image":[{"width":2000,"height":1124,"url":"https:\/\/campingdewedze.nl\/wp-content\/uploads\/2024\/01\/Camping-De-Wedze-05_2023_Low-Res_0028.webp","type":"image\/webp"}],"twitter_card":"summary_large_image","schema":{"@context":"https:\/\/schema.org","@graph":[{"@type":"WebPage","@id":"https:\/\/campingdewedze.nl\/de\/bleibt\/","url":"https:\/\/campingdewedze.nl\/de\/bleibt\/","name":"Camping - Camping De Wedze","isPartOf":{"@id":"https:\/\/campingdewedze.nl\/de\/#website"},"primaryImageOfPage":{"@id":"https:\/\/campingdewedze.nl\/de\/bleibt\/#primaryimage"},"image":{"@id":"https:\/\/campingdewedze.nl\/de\/bleibt\/#primaryimage"},"thumbnailUrl":"https:\/\/campingdewedze.nl\/wp-content\/uploads\/2024\/01\/Camping-De-Wedze-05_2023_Low-Res_0028.webp","datePublished":"2024-01-31T12:23:36+00:00","dateModified":"2024-04-22T09:21:15+00:00","breadcrumb":{"@id":"https:\/\/campingdewedze.nl\/de\/bleibt\/#breadcrumb"},"inLanguage":"de","potentialAction":[{"@type":"ReadAction","target":["https:\/\/campingdewedze.nl\/de\/bleibt\/"]}]},{"@type":"ImageObject","inLanguage":"de","@id":"https:\/\/campingdewedze.nl\/de\/bleibt\/#primaryimage","url":"https:\/\/campingdewedze.nl\/wp-content\/uploads\/2024\/01\/Camping-De-Wedze-05_2023_Low-Res_0028.webp","contentUrl":"https:\/\/campingdewedze.nl\/wp-content\/uploads\/2024\/01\/Camping-De-Wedze-05_2023_Low-Res_0028.webp","width":2000,"height":1124},{"@type":"BreadcrumbList","@id":"https:\/\/campingdewedze.nl\/de\/bleibt\/#breadcrumb","itemListElement":[{"@type":"ListItem","position":1,"name":"Home","item":"https:\/\/campingdewedze.nl\/de\/startseite\/"},{"@type":"ListItem","position":2,"name":"Camping"}]},{"@type":"WebSite","@id":"https:\/\/campingdewedze.nl\/de\/#website","url":"https:\/\/campingdewedze.nl\/de\/","name":"Camping De Wedze","description":"In een uniek stukje Friesland","publisher":{"@id":"https:\/\/campingdewedze.nl\/de\/#organization"},"potentialAction":[{"@type":"SearchAction","target":{"@type":"EntryPoint","urlTemplate":"https:\/\/campingdewedze.nl\/de\/?s={search_term_string}"},"query-input":{"@type":"PropertyValueSpecification","valueRequired":true,"valueName":"search_term_string"}}],"inLanguage":"de"},{"@type":"Organization","@id":"https:\/\/campingdewedze.nl\/de\/#organization","name":"Camping De Wedze","url":"https:\/\/campingdewedze.nl\/de\/","logo":{"@type":"ImageObject","inLanguage":"de","@id":"https:\/\/campingdewedze.nl\/de\/#\/schema\/logo\/image\/","url":"https:\/\/campingdewedze.nl\/wp-content\/uploads\/2023\/03\/Logo-Camping-de-Wedze.webp","contentUrl":"https:\/\/campingdewedze.nl\/wp-content\/uploads\/2023\/03\/Logo-Camping-de-Wedze.webp","width":400,"height":298,"caption":"Camping De Wedze"},"image":{"@id":"https:\/\/campingdewedze.nl\/de\/#\/schema\/logo\/image\/"},"sameAs":["https:\/\/www.facebook.com\/campingdewedze"]}]}},"_links":{"self":[{"href":"https:\/\/campingdewedze.nl\/de\/wp-json\/wp\/v2\/pages\/5541","targetHints":{"allow":["GET"]}}],"collection":[{"href":"https:\/\/campingdewedze.nl\/de\/wp-json\/wp\/v2\/pages"}],"about":[{"href":"https:\/\/campingdewedze.nl\/de\/wp-json\/wp\/v2\/types\/page"}],"author":[{"embeddable":true,"href":"https:\/\/campingdewedze.nl\/de\/wp-json\/wp\/v2\/users\/1"}],"replies":[{"embeddable":true,"href":"https:\/\/campingdewedze.nl\/de\/wp-json\/wp\/v2\/comments?post=5541"}],"version-history":[{"count":0,"href":"https:\/\/campingdewedze.nl\/de\/wp-json\/wp\/v2\/pages\/5541\/revisions"}],"wp:featuredmedia":[{"embeddable":true,"href":"https:\/\/campingdewedze.nl\/de\/wp-json\/wp\/v2\/media\/5478"}],"wp:attachment":[{"href":"https:\/\/campingdewedze.nl\/de\/wp-json\/wp\/v2\/media?parent=5541"}],"curies":[{"name":"wp","href":"https:\/\/api.w.org\/{rel}","templated":true}]}}